{"id":149,"date":"2019-01-14T02:08:50","date_gmt":"2019-01-14T01:08:50","guid":{"rendered":"http:\/\/kropstaedterheide.de\/?page_id=149"},"modified":"2023-10-30T13:45:10","modified_gmt":"2023-10-30T12:45:10","slug":"cita-von-der-kropstaedter-heide","status":"publish","type":"page","link":"http:\/\/kropstaedterheide.de\/?page_id=149","title":{"rendered":"Cita von der Kropst\u00e4dter Heide"},"content":{"rendered":"<div class=\"wp-block-image\">\n<figure class=\"aligncenter\"><img loading=\"lazy\" decoding=\"async\" width=\"1024\" height=\"768\" src=\"http:\/\/kropstaedterheide.de\/wp-content\/uploads\/2019\/01\/untitled-04496-1024x768.jpg\" alt=\"\" class=\"wp-image-247\" srcset=\"http:\/\/kropstaedterheide.de\/wp-content\/uploads\/2019\/01\/untitled-04496-1024x768.jpg 1024w, http:\/\/kropstaedterheide.de\/wp-content\/uploads\/2019\/01\/untitled-04496-300x225.jpg 300w, http:\/\/kropstaedterheide.de\/wp-content\/uploads\/2019\/01\/untitled-04496-768x576.jpg 768w, http:\/\/kropstaedterheide.de\/wp-content\/uploads\/2019\/01\/untitled-04496.jpg 2048w\" sizes=\"(max-width: 1024px) 100vw, 1024px\" \/><\/figure><\/div>\n\n\n<p class=\"has-very-dark-gray-color has-text-color\"><strong>Wurftag: 20.09.2014, ZB-Nr. 1355\/14, Farbe: Dbrschl. mit braunem Kopf und Platten, Formwert: V1, HD-A2&nbsp;     Leistungszeichen: Derby 1, VJP 70 Pkt.\/Spl., Solms 1, VGP 1, SW II\/, LN, SJ, HN<\/strong><\/p>\n\n\n\n<p class=\"has-black-color has-text-color\">Cita ist die Mutterh\u00fcndin des <a href=\"http:\/\/kropstaedterheide.de\/?page_id=221\"><strong>D-Wurfes<\/strong><\/a> und<a href=\"http:\/\/kropstaedterheide.de\/?page_id=455\"> <strong>F-Wurfes<\/strong><\/a>.<\/p>\n\n\n\n<p class=\"has-black-color has-text-color\">Cita  stammt aus einer Verpaarung nach Ammon KS vom Rosental aus Daisy  vom  Entenfpuhler Forst. Sie ist eine angenehme Braunschimmelh\u00fcndin mit  sehr sch\u00f6nem  H\u00fcndinnenkopf und kr\u00e4ftigen dunklem Pigment, korrekt  getragenen Beh\u00e4ngen,  trockenem Hals, korrekter Oberlinie mit korrekt  angesetzter Rute, Vorbrust  sowie Unterlinie korrekt.<br><\/p>\n\n\n\n<p class=\"has-black-color has-text-color\">Cita  ist eine leichtf\u00fchrige H\u00fcndin mit gro\u00dfer Lernbereitschaft.  Diese angenehme  H\u00fcndin hat ihre Pr\u00fcfungslaufbahn in sehr jungem Alter  mit besten Ergebnissen  abgelegt. Sowohl im Feld als auch im Wasser und  Wald zeigt sie sehr gute  Leistungen, die gepr\u00e4gt sind von Ausdauer,  Gehorsam, Ruhe und H\u00e4rte. <br><\/p>\n\n\n\n<p class=\"has-black-color has-text-color\">Cita wird in  sachsen-anhaltinischen und brandenburgischen Feld-, Wald- und Wasserrevieren  jagdlich gef\u00fchrt. <\/p>\n\n\n\n<p><\/p>\n","protected":false},"excerpt":{"rendered":"<p>Wurftag: 20.09.2014, ZB-Nr. 1355\/14, Farbe: Dbrschl. mit braunem Kopf und Platten, Formwert: V1, HD-A2&nbsp; Leistungszeichen: Derby 1, VJP 70 [&hellip;]<\/p>\n","protected":false},"author":1,"featured_media":0,"parent":120,"menu_order":4,"comment_status":"closed","ping_status":"closed","template":"","meta":{"footnotes":""},"_links":{"self":[{"href":"http:\/\/kropstaedterheide.de\/index.php?rest_route=\/wp\/v2\/pages\/149"}],"collection":[{"href":"http:\/\/kropstaedterheide.de\/index.php?rest_route=\/wp\/v2\/pages"}],"about":[{"href":"http:\/\/kropstaedterheide.de\/index.php?rest_route=\/wp\/v2\/types\/page"}],"author":[{"embeddable":true,"href":"http:\/\/kropstaedterheide.de\/index.php?rest_route=\/wp\/v2\/users\/1"}],"replies":[{"embeddable":true,"href":"http:\/\/kropstaedterheide.de\/index.php?rest_route=%2Fwp%2Fv2%2Fcomments&post=149"}],"version-history":[{"count":10,"href":"http:\/\/kropstaedterheide.de\/index.php?rest_route=\/wp\/v2\/pages\/149\/revisions"}],"predecessor-version":[{"id":462,"href":"http:\/\/kropstaedterheide.de\/index.php?rest_route=\/wp\/v2\/pages\/149\/revisions\/462"}],"up":[{"embeddable":true,"href":"http:\/\/kropstaedterheide.de\/index.php?rest_route=\/wp\/v2\/pages\/120"}],"wp:attachment":[{"href":"http:\/\/kropstaedterheide.de\/index.php?rest_route=%2Fwp%2Fv2%2Fmedia&parent=149"}],"curies":[{"name":"wp","href":"https:\/\/api.w.org\/{rel}","templated":true}]}}