{"id":151,"date":"2019-01-14T02:09:47","date_gmt":"2019-01-14T01:09:47","guid":{"rendered":"http:\/\/kropstaedterheide.de\/?page_id=151"},"modified":"2023-10-30T13:50:49","modified_gmt":"2023-10-30T12:50:49","slug":"artemis-ks-von-der-kropstaedter-heide","status":"publish","type":"page","link":"http:\/\/kropstaedterheide.de\/?page_id=151","title":{"rendered":"Artemis KS von der Kropst\u00e4dter Heide"},"content":{"rendered":"\n<figure class=\"wp-block-image is-resized\"><img loading=\"lazy\" decoding=\"async\" width=\"1024\" height=\"681\" src=\"http:\/\/kropstaedterheide.de\/wp-content\/uploads\/2019\/01\/Arte-Kleemann-2014-1-1024x681.jpg\" alt=\"\" class=\"wp-image-244\" style=\"width:594px;height:394px\" srcset=\"http:\/\/kropstaedterheide.de\/wp-content\/uploads\/2019\/01\/Arte-Kleemann-2014-1-1024x681.jpg 1024w, http:\/\/kropstaedterheide.de\/wp-content\/uploads\/2019\/01\/Arte-Kleemann-2014-1-300x199.jpg 300w, http:\/\/kropstaedterheide.de\/wp-content\/uploads\/2019\/01\/Arte-Kleemann-2014-1-768x510.jpg 768w, http:\/\/kropstaedterheide.de\/wp-content\/uploads\/2019\/01\/Arte-Kleemann-2014-1.jpg 1279w\" sizes=\"(max-width: 1024px) 100vw, 1024px\" \/><figcaption class=\"wp-element-caption\">Artemis KS v.d. Kropst\u00e4dter Heide<\/figcaption><\/figure>\n\n\n\n<p class=\"has-black-color has-text-color\"><strong>Wurftag: 13.12.2011, ZB-Nr. 0222\/12 Farbe: Schwarz mit Brustfleck, Formwert: V 2, HD-A2 <\/strong><br><strong>Leistungszeichen: Derby 1, VJP 74 Pkt., Solms 1, HZP 178 Pkt., VGP 1, HN, LN, Btr., VBR<\/strong><\/p>\n\n\n\n<p class=\"has-black-color has-text-color\">Artemis stammt aus der Verpaarung nach Caro KS vom Rahe aus Daisy vom Entenpfuhler Forst. Nach ihr ist unser <a href=\"http:\/\/kropstaedterheide.de\/?page_id=223\"><strong>E-Wurf<\/strong><\/a> gefallen.<\/p>\n\n\n\n<p class=\"has-text-align-left has-black-color has-text-color\">Aus dem Richterbericht der Dr.-Kleemann-Auslesepr\u00fcfung:<\/p>\n\n\n\n<p class=\"has-black-color has-text-color\">Feldarbeit: Die H\u00fcndin zeigt in allen Sucheng\u00e4ngen eine ausdauernde,  flotte, raumgreifende, systematische und jagdnahe Suche. Sie schneidet  sehr gut in den leicht vorherrschenden Wind, wendet korrekt in den Wind,  hat ausgepr\u00e4gten Finderwillen, h\u00e4lt guten Kontakt zum F\u00fchrer, \u00fcberzeugt  durch ihre Leichtf\u00fchrigkeit, Lenkbarkeit, sehr gutem Gehorsam und  Zusammenarbeit mit ihrem F\u00fchrer.<br>Die H\u00fcndin findet in jedem Suchengang Fasane, kann jedes Mal  zielstrebiges An- und Nachziehen unter Beweis stellen, sie steht sicher  sowie ausdauernd vor. Nach Abstreichen von Fasanen und Schussabgabe  zeigt sie sehr guten Gehorsam.<br>Schilfarbeit: Die H\u00fcndin nimm die ihr zugewiesene Schilffl\u00e4che  freudig an, sucht anhaltend und ausdauernd mit Jagdverstand, l\u00e4sst sich  gut f\u00fchren und lenken.&nbsp;<br>St\u00f6berarbeit mit Ente: Die H\u00fcndin nimmt freudig das Wasser an,  f\u00e4delt sich gekonnt auf der durch vorherrschende leichten Str\u00f6mung  vertragenen Schwimmspur ein und verfolgt diese sicher. Am gegen\u00fcber  liegenden Schilfrand suchend wird die H\u00fcndin durch einen groben  F\u00fchrerfehler derart aus der konzentrierten Arbeit gebracht, dass sie den  Nasenkontakt zur Schwimmspur verliert. Durch intensive unterst\u00fctzende  Unterst\u00fctzung seitens ihres F\u00fchrers kann sich die H\u00fcndin wiederum auf  die Schwimmspur und Gel\u00e4uf der in der Zwischenzeit ausgestiegenen Ente  einf\u00e4deln. Ohne weitere Einwirkung durch den Hundef\u00fchrer arbeitet die  H\u00fcndin passioniert bis in ein gegen\u00fcber liegendes Gew\u00e4sser hinter der  Ente, kann sie dort festmachen, greifen und sicher zum Hundef\u00fchrer  bringen. Eine tote, in das tiefe Wasser geworfene Ente wird rasch und  zuverl\u00e4ssig apportiert und korrekt abgegeben. Auf das obligate Schie\u00dfen  reagiert die H\u00fcndin nicht.&nbsp;       <\/p>\n","protected":false},"excerpt":{"rendered":"<p>Wurftag: 13.12.2011, ZB-Nr. 0222\/12 Farbe: Schwarz mit Brustfleck, Formwert: V 2, HD-A2 Leistungszeichen: Derby 1, VJP 74 Pkt., Solms [&hellip;]<\/p>\n","protected":false},"author":1,"featured_media":0,"parent":120,"menu_order":3,"comment_status":"closed","ping_status":"closed","template":"","meta":{"footnotes":""},"_links":{"self":[{"href":"http:\/\/kropstaedterheide.de\/index.php?rest_route=\/wp\/v2\/pages\/151"}],"collection":[{"href":"http:\/\/kropstaedterheide.de\/index.php?rest_route=\/wp\/v2\/pages"}],"about":[{"href":"http:\/\/kropstaedterheide.de\/index.php?rest_route=\/wp\/v2\/types\/page"}],"author":[{"embeddable":true,"href":"http:\/\/kropstaedterheide.de\/index.php?rest_route=\/wp\/v2\/users\/1"}],"replies":[{"embeddable":true,"href":"http:\/\/kropstaedterheide.de\/index.php?rest_route=%2Fwp%2Fv2%2Fcomments&post=151"}],"version-history":[{"count":4,"href":"http:\/\/kropstaedterheide.de\/index.php?rest_route=\/wp\/v2\/pages\/151\/revisions"}],"predecessor-version":[{"id":464,"href":"http:\/\/kropstaedterheide.de\/index.php?rest_route=\/wp\/v2\/pages\/151\/revisions\/464"}],"up":[{"embeddable":true,"href":"http:\/\/kropstaedterheide.de\/index.php?rest_route=\/wp\/v2\/pages\/120"}],"wp:attachment":[{"href":"http:\/\/kropstaedterheide.de\/index.php?rest_route=%2Fwp%2Fv2%2Fmedia&parent=151"}],"curies":[{"name":"wp","href":"https:\/\/api.w.org\/{rel}","templated":true}]}}