{"id":61,"date":"2019-01-13T23:13:27","date_gmt":"2019-01-13T23:13:27","guid":{"rendered":"http:\/\/kropstaedterheide.de\/?page_id=61"},"modified":"2023-03-09T12:48:13","modified_gmt":"2023-03-09T11:48:13","slug":"willkommen","status":"publish","type":"page","link":"http:\/\/kropstaedterheide.de\/","title":{"rendered":"Willkommen auf der Website der Deutsch Kurzhaar Zucht &#8222;von der Kropst\u00e4dter Heide&#8220;."},"content":{"rendered":"\n<p class=\"has-very-dark-gray-color has-text-color\">Ich m\u00f6chte Ihnen hier die Leistung des Deutsch Kurzhaar etwas n\u00e4her bringen. Vielleicht m\u00f6chten Sie ja in Zukunft auch mit einem dieser edlen &#8211; zuverl\u00e4ssigen &#8211; pflegeleichten vierbeinigen Pirschbegleiter zur Jagd gehen.<\/p>\n\n\n\n<p class=\"has-text-align-center has-very-dark-gray-color has-text-color\" style=\"font-size:30px\"><strong>Derzeit erwarten wir keine Welpen<\/strong><\/p>\n\n\n<div class=\"wp-block-image\">\n<figure class=\"aligncenter size-large\"><img loading=\"lazy\" decoding=\"async\" width=\"577\" height=\"433\" src=\"http:\/\/kropstaedterheide.de\/wp-content\/uploads\/2019\/11\/DSCF2167-3.jpg\" alt=\"\" class=\"wp-image-417\" srcset=\"http:\/\/kropstaedterheide.de\/wp-content\/uploads\/2019\/11\/DSCF2167-3.jpg 577w, http:\/\/kropstaedterheide.de\/wp-content\/uploads\/2019\/11\/DSCF2167-3-300x225.jpg 300w\" sizes=\"(max-width: 577px) 100vw, 577px\" \/><figcaption class=\"wp-element-caption\"><strong>N\u00e4heres erfahren Sie unter <a href=\"http:\/\/kropstaedterheide.de\/?page_id=102\">Aktuelles<\/a><\/strong><\/figcaption><\/figure><\/div>","protected":false},"excerpt":{"rendered":"<p>Ich m\u00f6chte Ihnen hier die Leistung des Deutsch Kurzhaar etwas n\u00e4her bringen. Vielleicht m\u00f6chten Sie ja in Zukunft auch [&hellip;]<\/p>\n","protected":false},"author":1,"featured_media":84,"parent":0,"menu_order":0,"comment_status":"closed","ping_status":"closed","template":"","meta":{"footnotes":""},"_links":{"self":[{"href":"http:\/\/kropstaedterheide.de\/index.php?rest_route=\/wp\/v2\/pages\/61"}],"collection":[{"href":"http:\/\/kropstaedterheide.de\/index.php?rest_route=\/wp\/v2\/pages"}],"about":[{"href":"http:\/\/kropstaedterheide.de\/index.php?rest_route=\/wp\/v2\/types\/page"}],"author":[{"embeddable":true,"href":"http:\/\/kropstaedterheide.de\/index.php?rest_route=\/wp\/v2\/users\/1"}],"replies":[{"embeddable":true,"href":"http:\/\/kropstaedterheide.de\/index.php?rest_route=%2Fwp%2Fv2%2Fcomments&post=61"}],"version-history":[{"count":8,"href":"http:\/\/kropstaedterheide.de\/index.php?rest_route=\/wp\/v2\/pages\/61\/revisions"}],"predecessor-version":[{"id":424,"href":"http:\/\/kropstaedterheide.de\/index.php?rest_route=\/wp\/v2\/pages\/61\/revisions\/424"}],"wp:featuredmedia":[{"embeddable":true,"href":"http:\/\/kropstaedterheide.de\/index.php?rest_route=\/wp\/v2\/media\/84"}],"wp:attachment":[{"href":"http:\/\/kropstaedterheide.de\/index.php?rest_route=%2Fwp%2Fv2%2Fmedia&parent=61"}],"curies":[{"name":"wp","href":"https:\/\/api.w.org\/{rel}","templated":true}]}}