{"id":147,"date":"2019-01-14T02:08:16","date_gmt":"2019-01-14T01:08:16","guid":{"rendered":"http:\/\/kropstaedterheide.de\/?page_id=147"},"modified":"2023-10-30T13:53:39","modified_gmt":"2023-10-30T12:53:39","slug":"momo-vom-kronsberg","status":"publish","type":"page","link":"https:\/\/kropstaedterheide.de\/?page_id=147","title":{"rendered":"Momo vom Kronsberg \u2020"},"content":{"rendered":"\n<figure class=\"wp-block-image is-resized\"><a href=\"http:\/\/kropstaedterheide.de\/?page_id=217\"><img loading=\"lazy\" decoding=\"async\" width=\"415\" height=\"578\" src=\"http:\/\/kropstaedterheide.de\/wp-content\/uploads\/2019\/01\/Revier-Juli-2012-2.jpg\" alt=\"\" class=\"wp-image-229\" style=\"width:585px;height:815px\" srcset=\"https:\/\/kropstaedterheide.de\/wp-content\/uploads\/2019\/01\/Revier-Juli-2012-2.jpg 415w, https:\/\/kropstaedterheide.de\/wp-content\/uploads\/2019\/01\/Revier-Juli-2012-2-215x300.jpg 215w\" sizes=\"(max-width: 415px) 100vw, 415px\" \/><\/a><figcaption class=\"wp-element-caption\"> <br><strong>Wurftag: 07.12.2009, ZB-Nr. 0221\/10, Farbe: braun mit Brustfleck, Formwert: Vorz\u00fcglich 2 , HD-A2     <br>            Leistungszeichen: Derby 1, Solms 1, VJP 68 Pkt., HZP 180 Pkt., HN, LN, VGP 2   <\/strong><\/figcaption><\/figure>\n\n\n\n<p class=\"has-text-align-center has-text-color\" style=\"color:#13158e\"><a href=\"http:\/\/kropstaedterheide.de\/?page_id=217\">B-Wurf<\/a><\/p>\n\n\n\n<p class=\"has-black-color has-text-color\"><em><strong>Momo<\/strong><\/em> ist eine feingliedrige, edle braune H\u00fcndin, bester Aufrichtung und sehr gutem Pigment (V2-H\u00fcndin). <\/p>\n\n\n\n<p class=\"has-black-color has-text-color\">Momo hat sowohl \u00fcber Ihre Mutter KS Hexe vom \nKronsberg wie auch \u00fcber ihren Vater Whisky von Neuarenberg Blutanbindung\n an Grando von der Schladebacher Alm. Sie ist die Wurfschwester von KS \nM\u00fccke vom Kronsberg. <\/p>\n\n\n\n<p class=\"has-black-color has-text-color\">Diese feingliedrige H\u00fcndin hat ihre \nPr\u00fcfungslaufbahn in den H\u00e4nden einer jungen Erstlingsf\u00fchrerin mit besten\n Ergebnissen abgelegt. Sowohl im Feld als auch im Wasser zeigt sie sehr \ngute Leistungen, die gepr\u00e4gt sind von Ausdauer, Gehorsam und Ruhe. <\/p>\n\n\n\n<p class=\"has-black-color has-text-color\">Momo wurde in sachsen-anhaltinischen und brandenburgischen Feld-, Wald- und Wasserrevieren jagdlich gef\u00fchrt. <\/p>\n\n\n\n<figure class=\"wp-block-gallery has-nested-images columns-default is-cropped wp-block-gallery-1 is-layout-flex wp-block-gallery-is-layout-flex\">\n<figure class=\"wp-block-image size-large\"><img loading=\"lazy\" decoding=\"async\" width=\"465\" height=\"331\" data-id=\"230\" src=\"http:\/\/kropstaedterheide.de\/wp-content\/uploads\/2019\/01\/Apportieren-Okt-2012.jpg\" alt=\"\" class=\"wp-image-230\" srcset=\"https:\/\/kropstaedterheide.de\/wp-content\/uploads\/2019\/01\/Apportieren-Okt-2012.jpg 465w, https:\/\/kropstaedterheide.de\/wp-content\/uploads\/2019\/01\/Apportieren-Okt-2012-300x214.jpg 300w\" sizes=\"(max-width: 465px) 100vw, 465px\" \/><\/figure>\n\n\n\n<figure class=\"wp-block-image size-large\"><img loading=\"lazy\" decoding=\"async\" width=\"415\" height=\"578\" data-id=\"233\" src=\"http:\/\/kropstaedterheide.de\/wp-content\/uploads\/2019\/01\/Revier-Juli-2012.jpg\" alt=\"\" class=\"wp-image-233\" srcset=\"https:\/\/kropstaedterheide.de\/wp-content\/uploads\/2019\/01\/Revier-Juli-2012.jpg 415w, https:\/\/kropstaedterheide.de\/wp-content\/uploads\/2019\/01\/Revier-Juli-2012-215x300.jpg 215w\" sizes=\"(max-width: 415px) 100vw, 415px\" \/><\/figure>\n\n\n\n<figure class=\"wp-block-image size-large\"><img loading=\"lazy\" decoding=\"async\" width=\"465\" height=\"331\" data-id=\"231\" src=\"http:\/\/kropstaedterheide.de\/wp-content\/uploads\/2019\/01\/Apportieren-Okt-2012-2.jpg\" alt=\"\" class=\"wp-image-231\" srcset=\"https:\/\/kropstaedterheide.de\/wp-content\/uploads\/2019\/01\/Apportieren-Okt-2012-2.jpg 465w, https:\/\/kropstaedterheide.de\/wp-content\/uploads\/2019\/01\/Apportieren-Okt-2012-2-300x214.jpg 300w\" sizes=\"(max-width: 465px) 100vw, 465px\" \/><\/figure>\n\n\n\n<figure class=\"wp-block-image size-large\"><img loading=\"lazy\" decoding=\"async\" width=\"415\" height=\"569\" data-id=\"234\" src=\"http:\/\/kropstaedterheide.de\/wp-content\/uploads\/2019\/01\/Wasser-Okt-2012-3-1.jpg\" alt=\"\" class=\"wp-image-234\" srcset=\"https:\/\/kropstaedterheide.de\/wp-content\/uploads\/2019\/01\/Wasser-Okt-2012-3-1.jpg 415w, https:\/\/kropstaedterheide.de\/wp-content\/uploads\/2019\/01\/Wasser-Okt-2012-3-1-219x300.jpg 219w\" sizes=\"(max-width: 415px) 100vw, 415px\" \/><\/figure>\n\n\n\n<figure class=\"wp-block-image size-large\"><img loading=\"lazy\" decoding=\"async\" width=\"415\" height=\"569\" data-id=\"235\" src=\"http:\/\/kropstaedterheide.de\/wp-content\/uploads\/2019\/01\/Wasser-Okt-2012-4-1.jpg\" alt=\"\" class=\"wp-image-235\" srcset=\"https:\/\/kropstaedterheide.de\/wp-content\/uploads\/2019\/01\/Wasser-Okt-2012-4-1.jpg 415w, https:\/\/kropstaedterheide.de\/wp-content\/uploads\/2019\/01\/Wasser-Okt-2012-4-1-219x300.jpg 219w\" sizes=\"(max-width: 415px) 100vw, 415px\" \/><\/figure>\n<\/figure>\n","protected":false},"excerpt":{"rendered":"<p>B-Wurf Momo ist eine feingliedrige, edle braune H\u00fcndin, bester Aufrichtung und sehr gutem Pigment (V2-H\u00fcndin). Momo hat sowohl \u00fcber [&hellip;]<\/p>\n","protected":false},"author":1,"featured_media":0,"parent":120,"menu_order":2,"comment_status":"closed","ping_status":"closed","template":"","meta":{"footnotes":""},"_links":{"self":[{"href":"https:\/\/kropstaedterheide.de\/index.php?rest_route=\/wp\/v2\/pages\/147"}],"collection":[{"href":"https:\/\/kropstaedterheide.de\/index.php?rest_route=\/wp\/v2\/pages"}],"about":[{"href":"https:\/\/kropstaedterheide.de\/index.php?rest_route=\/wp\/v2\/types\/page"}],"author":[{"embeddable":true,"href":"https:\/\/kropstaedterheide.de\/index.php?rest_route=\/wp\/v2\/users\/1"}],"replies":[{"embeddable":true,"href":"https:\/\/kropstaedterheide.de\/index.php?rest_route=%2Fwp%2Fv2%2Fcomments&post=147"}],"version-history":[{"count":9,"href":"https:\/\/kropstaedterheide.de\/index.php?rest_route=\/wp\/v2\/pages\/147\/revisions"}],"predecessor-version":[{"id":466,"href":"https:\/\/kropstaedterheide.de\/index.php?rest_route=\/wp\/v2\/pages\/147\/revisions\/466"}],"up":[{"embeddable":true,"href":"https:\/\/kropstaedterheide.de\/index.php?rest_route=\/wp\/v2\/pages\/120"}],"wp:attachment":[{"href":"https:\/\/kropstaedterheide.de\/index.php?rest_route=%2Fwp%2Fv2%2Fmedia&parent=147"}],"curies":[{"name":"wp","href":"https:\/\/api.w.org\/{rel}","templated":true}]}}