{"id":455,"date":"2023-10-30T13:35:45","date_gmt":"2023-10-30T12:35:45","guid":{"rendered":"http:\/\/kropstaedterheide.de\/?page_id=455"},"modified":"2023-10-30T13:35:45","modified_gmt":"2023-10-30T12:35:45","slug":"f-wurf","status":"publish","type":"page","link":"https:\/\/kropstaedterheide.de\/?page_id=455","title":{"rendered":"F-Wurf"},"content":{"rendered":"\n<p class=\"has-black-color has-text-color\"><strong>10.12.2019 fielen 1\/2 Welpen in unserem F-Wurf nach<\/strong><\/p>\n\n\n\n<p class=\"has-black-color has-text-color\"><strong>Vater: KS Zonk von der Zista<\/strong>, ZB-Nr.: <strong>\u00d6HZB Nr:<\/strong> DK 22609 Farbe: Brschl. m. b. K. u. Pln., gew. 19.05.2015<\/p>\n\n\n\n<p class=\"has-black-color has-text-color\">AP 108; FWP1 (302 P.), 2 x VGP1 (406 u. 409 P.), SEP, IKP2, Sw1\/, HN, Kleemann 2018 (bester R\u00fcde, Nase 4h, St.m.E. 4h, FW: V5), Fw: V1, HD-B, OCD ED-frei<\/p>\n\n\n\n<p class=\"has-black-color has-text-color\"><strong>Mutter: <a href=\"http:\/\/kropstaedterheide.de\/?page_id=149\">Cita von der Kropst\u00e4dter Heide<\/a>, ZB-Nr.: 1355\/14<\/strong> Farbe: Dbrschl. m. br. K. u. Pln., gew. 21.09.2014 <\/p>\n\n\n\n<p class=\"has-black-color has-text-color\">D1a (mit 6 Monaten), VJP 70 P. (spl.; Suchensieger mit 6 Monaten), S1 (mit 11 Monaten), VGP1a\/\u00dcF, SW2\/, LN, SJ, HN, Fw:&nbsp; V1, HD-A2 <\/p>\n\n\n\n<p class=\"has-black-color has-text-color\"><\/p>\n\n\n\n<p class=\"has-black-color has-text-color\">Alle Welpen aus diesem Wurf haben sich zu sehr sch\u00f6nen, ruhigen und leistungsstarken Jagdhunden mit einer sehr guter Wasser- und Feldpassion sowie einer sehr guten Raub- und Wildsch\u00e4rfe entwickelt. <\/p>\n\n\n\n<p class=\"has-black-color has-text-color has-small-font-size\">Blutlinien:  Zista, Delme Horst, P\u00f6ttmes, G\u00f6ttlesbrunnerhof, Hege-Haus, Gleistal, Dinkelhof, Schladebacher Alm, Neuarenberg, Schletzenm\u00fchle <\/p>\n\n\n\n<figure class=\"wp-block-image size-large\"><img loading=\"lazy\" decoding=\"async\" width=\"640\" height=\"470\" src=\"http:\/\/kropstaedterheide.de\/wp-content\/uploads\/2019\/11\/Zonk-KS-von-der-Zista.jpg\" alt=\"\" class=\"wp-image-412\" srcset=\"https:\/\/kropstaedterheide.de\/wp-content\/uploads\/2019\/11\/Zonk-KS-von-der-Zista.jpg 640w, https:\/\/kropstaedterheide.de\/wp-content\/uploads\/2019\/11\/Zonk-KS-von-der-Zista-300x220.jpg 300w\" sizes=\"(max-width: 640px) 100vw, 640px\" \/><figcaption class=\"wp-element-caption\"><strong>KS Zonk von der Zista<\/strong><\/figcaption><\/figure>\n\n\n\n<p class=\"has-text-align-center has-black-color has-text-color\" style=\"font-size:18px\"><strong>Bericht der 43. Dr. Kleemann Zuchtauslese-Pr\u00fcfung 2018 vom 11. Oktober bis 14.Oktober 2018 in Vi\u00f6l \/ Schleswig-Holstein<\/strong><\/p>\n\n\n\n<p class=\"has-black-color has-text-color\" style=\"font-size:15px\"><strong>PNr.: 126 Zonk von der Zista, DK 22609, F\u00fchrer: Franz Spitaler, Fw: v5, KS<\/strong><\/p>\n\n\n\n<p class=\"has-black-color has-text-color\" style=\"font-size:15px\">Zonk zeigte w\u00e4hrend des ganzen Tages im Feld und Wasser seine hervorragende Nase, fand mehrfach Wild, zog Fasane weit an, machte sie fest und war bei der Schussabgabe gehorsam. Bei einem gefundenen Hasen war er ebenfalls gehorsam. Die Zusammenarbeit war sehr gut. Die Suche war planm\u00e4\u00dfig und raumgreifend und von der feinen Nase gepr\u00e4gt. Das Wasser nahm er sofort an und st\u00f6berte mit viel Passion und Vorw\u00e4rtsdrang gro\u00dfe Schilfpartien ab und kam mit seiner feinen Nase an eine Ente die er aus dem Schilf dr\u00fcckte, die abstrich. Diese wurde erlegt und ordnungsgem\u00e4\u00df gebracht und ausgegeben.<\/p>\n\n\n\n<p class=\"has-black-color has-text-color\" style=\"font-size:15px\">Zonk konnte sich neben dem V5 im Formwert auch noch 2 x 4h (Nase &amp; St\u00f6bern mit Ente) sichern und sich damit als bester R\u00fcde auf der Dr. Kleemann Zuchtauslesepr\u00fcfung 2018 durchgesetzt.<\/p>\n","protected":false},"excerpt":{"rendered":"<p>10.12.2019 fielen 1\/2 Welpen in unserem F-Wurf nach Vater: KS Zonk von der Zista, ZB-Nr.: \u00d6HZB Nr: DK 22609 [&hellip;]<\/p>\n","protected":false},"author":1,"featured_media":0,"parent":195,"menu_order":6,"comment_status":"closed","ping_status":"closed","template":"","meta":{"footnotes":""},"_links":{"self":[{"href":"https:\/\/kropstaedterheide.de\/index.php?rest_route=\/wp\/v2\/pages\/455"}],"collection":[{"href":"https:\/\/kropstaedterheide.de\/index.php?rest_route=\/wp\/v2\/pages"}],"about":[{"href":"https:\/\/kropstaedterheide.de\/index.php?rest_route=\/wp\/v2\/types\/page"}],"author":[{"embeddable":true,"href":"https:\/\/kropstaedterheide.de\/index.php?rest_route=\/wp\/v2\/users\/1"}],"replies":[{"embeddable":true,"href":"https:\/\/kropstaedterheide.de\/index.php?rest_route=%2Fwp%2Fv2%2Fcomments&post=455"}],"version-history":[{"count":1,"href":"https:\/\/kropstaedterheide.de\/index.php?rest_route=\/wp\/v2\/pages\/455\/revisions"}],"predecessor-version":[{"id":456,"href":"https:\/\/kropstaedterheide.de\/index.php?rest_route=\/wp\/v2\/pages\/455\/revisions\/456"}],"up":[{"embeddable":true,"href":"https:\/\/kropstaedterheide.de\/index.php?rest_route=\/wp\/v2\/pages\/195"}],"wp:attachment":[{"href":"https:\/\/kropstaedterheide.de\/index.php?rest_route=%2Fwp%2Fv2%2Fmedia&parent=455"}],"curies":[{"name":"wp","href":"https:\/\/api.w.org\/{rel}","templated":true}]}}